{"id":1301,"date":"2025-07-31T02:44:59","date_gmt":"2025-07-31T02:44:59","guid":{"rendered":"https:\/\/pschile.cl\/jschile\/?page_id=1301"},"modified":"2026-02-18T05:53:28","modified_gmt":"2026-02-18T05:53:28","slug":"quienes-somos","status":"publish","type":"page","link":"https:\/\/pschile.cl\/jschile\/quienes-somos\/","title":{"rendered":"\u00bfQUIENES SOMOS?"},"content":{"rendered":"\t\t<div data-elementor-type=\"wp-page\" data-elementor-id=\"1301\" class=\"elementor elementor-1301\">\n\t\t\t\t\t\t<section class=\"elementor-section elementor-top-section elementor-element elementor-element-cb75e61 elementor-section-height-min-height elementor-section-boxed elementor-section-height-default elementor-section-items-middle wpr-particle-no wpr-jarallax-no wpr-parallax-no wpr-sticky-section-no wpr-equal-height-no\" data-id=\"cb75e61\" data-element_type=\"section\" data-e-type=\"section\" data-settings=\"{&quot;background_background&quot;:&quot;classic&quot;}\">\n\t\t\t\t\t\t<div class=\"elementor-container elementor-column-gap-default\">\n\t\t\t\t\t<div class=\"elementor-column elementor-col-100 elementor-top-column elementor-element elementor-element-ffd7f74\" data-id=\"ffd7f74\" data-element_type=\"column\" data-e-type=\"column\">\n\t\t\t<div class=\"elementor-widget-wrap elementor-element-populated\">\n\t\t\t\t\t\t<div class=\"elementor-element elementor-element-e50d2f7 elementor-widget elementor-widget-text-editor\" data-id=\"e50d2f7\" data-element_type=\"widget\" data-e-type=\"widget\" data-widget_type=\"text-editor.default\">\n\t\t\t\t<div class=\"elementor-widget-container\">\n\t\t\t\t\t\t\t\t\t<p>\u00bfQUIENES SOMOS?<\/p>\t\t\t\t\t\t\t\t<\/div>\n\t\t\t\t<\/div>\n\t\t\t\t\t<\/div>\n\t\t<\/div>\n\t\t\t\t\t<\/div>\n\t\t<\/section>\n\t\t\t\t<section class=\"elementor-section elementor-top-section elementor-element elementor-element-64e8d07 elementor-section-content-middle elementor-section-boxed elementor-section-height-default elementor-section-height-default wpr-particle-no wpr-jarallax-no wpr-parallax-no wpr-sticky-section-no wpr-equal-height-no\" data-id=\"64e8d07\" data-element_type=\"section\" data-e-type=\"section\" data-settings=\"{&quot;background_background&quot;:&quot;classic&quot;,&quot;animation&quot;:&quot;none&quot;,&quot;animation_tablet&quot;:&quot;none&quot;}\">\n\t\t\t\t\t\t<div class=\"elementor-container elementor-column-gap-no\">\n\t\t\t\t\t<div class=\"elementor-column elementor-col-50 elementor-top-column elementor-element elementor-element-666a630\" data-id=\"666a630\" data-element_type=\"column\" data-e-type=\"column\">\n\t\t\t<div class=\"elementor-widget-wrap elementor-element-populated\">\n\t\t\t\t\t\t<div class=\"elementor-element elementor-element-e22545c elementor-widget elementor-widget-image\" data-id=\"e22545c\" data-element_type=\"widget\" data-e-type=\"widget\" data-widget_type=\"image.default\">\n\t\t\t\t<div class=\"elementor-widget-container\">\n\t\t\t\t\t\t\t\t\t\t\t\t\t\t\t<img fetchpriority=\"high\" decoding=\"async\" width=\"735\" height=\"489\" src=\"https:\/\/pschile.cl\/jschile\/wp-content\/uploads\/2025\/10\/4500fbe6b8443fe43b1dd7c58db87034-1.jpg\" class=\"attachment-large size-large wp-image-2727\" alt=\"\" srcset=\"https:\/\/pschile.cl\/jschile\/wp-content\/uploads\/2025\/10\/4500fbe6b8443fe43b1dd7c58db87034-1.jpg 735w, https:\/\/pschile.cl\/jschile\/wp-content\/uploads\/2025\/10\/4500fbe6b8443fe43b1dd7c58db87034-1-300x200.jpg 300w\" sizes=\"(max-width: 735px) 100vw, 735px\" \/>\t\t\t\t\t\t\t\t\t\t\t\t\t\t\t<\/div>\n\t\t\t\t<\/div>\n\t\t\t\t\t<\/div>\n\t\t<\/div>\n\t\t\t\t<div class=\"elementor-column elementor-col-50 elementor-top-column elementor-element elementor-element-0c324b1\" data-id=\"0c324b1\" data-element_type=\"column\" data-e-type=\"column\">\n\t\t\t<div class=\"elementor-widget-wrap elementor-element-populated\">\n\t\t\t\t\t\t<div class=\"elementor-element elementor-element-8150ded elementor-widget elementor-widget-text-editor\" data-id=\"8150ded\" data-element_type=\"widget\" data-e-type=\"widget\" data-widget_type=\"text-editor.default\">\n\t\t\t\t<div class=\"elementor-widget-container\">\n\t\t\t\t\t\t\t\t\t<p>La <i><b>Juventud Socialista de Chile<\/b><\/i>\u00a0es una organizaci\u00f3n pol\u00edtica y social integrada por j\u00f3venes que luchan por un Chile m\u00e1s justo, libre y solidario. Fundada en 1935, es parte del Partido Socialista de Chile, <b>heredera de una tradici\u00f3n de compromiso con las luchas del pueblo y con la transformaci\u00f3n democr\u00e1tica de la sociedad.<\/b><\/p><p><b>\u00a0<\/b><\/p><p>Hoy somos cerca de 6.000 militantes distribuidos a lo largo del pa\u00eds, presentes en espacios estudiantiles, territoriales y laborales.\u00a0<span style=\"font-weight: bold;\">Nos une la convicci\u00f3n de que el socialismo chileno es, ante todo, un proyecto democratico, nacional y popular.<\/span><b><\/b><\/p><p><span style=\"font-weight: bold;\">\u00a0<\/span><\/p><p>Nuestra organizaci\u00f3n se estructura de manera democr\u00e1tica y representativa, guiada por los principios de igualdad, justicia y fraternidad. <b>La Mesa Directiva Nacional, elegida por voto militante, coordina el trabajo de las juventudes a lo largo del territorio<\/b>, promoviendo la formaci\u00f3n pol\u00edtica, la acci\u00f3n social y la articulaci\u00f3n con el movimiento popular. <b>La vida org\u00e1nica de la JS se rige por un Estatuto que consagra la democracia interna, el pluralismo y la participaci\u00f3n como pilares del socialismo chileno contempor\u00e1neo.<\/b><\/p>\t\t\t\t\t\t\t\t<\/div>\n\t\t\t\t<\/div>\n\t\t\t\t\t<\/div>\n\t\t<\/div>\n\t\t\t\t\t<\/div>\n\t\t<\/section>\n\t\t\t\t<section class=\"elementor-section elementor-top-section elementor-element elementor-element-40dd3e4 elementor-section-boxed elementor-section-height-default elementor-section-height-default wpr-particle-no wpr-jarallax-no wpr-parallax-no wpr-sticky-section-no wpr-equal-height-no\" data-id=\"40dd3e4\" data-element_type=\"section\" data-e-type=\"section\" data-settings=\"{&quot;background_background&quot;:&quot;classic&quot;}\">\n\t\t\t\t\t\t<div class=\"elementor-container elementor-column-gap-default\">\n\t\t\t\t\t<div class=\"elementor-column elementor-col-100 elementor-top-column elementor-element elementor-element-91cd718\" data-id=\"91cd718\" data-element_type=\"column\" data-e-type=\"column\">\n\t\t\t<div class=\"elementor-widget-wrap elementor-element-populated\">\n\t\t\t\t\t\t<div class=\"elementor-element elementor-element-7d9289a elementor-widget elementor-widget-heading\" data-id=\"7d9289a\" data-element_type=\"widget\" data-e-type=\"widget\" data-widget_type=\"heading.default\">\n\t\t\t\t<div class=\"elementor-widget-container\">\n\t\t\t\t\t<h2 class=\"elementor-heading-title elementor-size-default\">Conoce m\u00e1s sobre la JSCh<\/h2>\t\t\t\t<\/div>\n\t\t\t\t<\/div>\n\t\t\t\t\t<\/div>\n\t\t<\/div>\n\t\t\t\t\t<\/div>\n\t\t<\/section>\n\t\t\t\t<section class=\"elementor-section elementor-top-section elementor-element elementor-element-d2c295e elementor-section-height-min-height elementor-section-boxed elementor-section-height-default elementor-section-items-middle wpr-particle-no wpr-jarallax-no wpr-parallax-no wpr-sticky-section-no wpr-equal-height-no\" data-id=\"d2c295e\" data-element_type=\"section\" data-e-type=\"section\" data-settings=\"{&quot;background_background&quot;:&quot;classic&quot;}\">\n\t\t\t\t\t\t<div class=\"elementor-container elementor-column-gap-default\">\n\t\t\t\t\t<div class=\"elementor-column elementor-col-100 elementor-top-column elementor-element elementor-element-7dbca82\" data-id=\"7dbca82\" data-element_type=\"column\" data-e-type=\"column\">\n\t\t\t<div class=\"elementor-widget-wrap elementor-element-populated\">\n\t\t\t\t\t\t<div class=\"elementor-element elementor-element-b789943 elementor-widget__width-initial elementor-widget elementor-widget-html\" data-id=\"b789943\" data-element_type=\"widget\" data-e-type=\"widget\" data-widget_type=\"html.default\">\n\t\t\t\t<div class=\"elementor-widget-container\">\n\t\t\t\t\t<style>\n\/* Bot\u00f3n giratorio normal *\/\n.boton-giratorio {\n  perspective: 1000px;\n  display: flex;\n  justify-content: center;\n  align-items: center;\n  width: 100%;\n  height: 100%;\n  cursor: pointer;\n}\n\n.boton-giratorio .contenedor {\n  position: relative;\n  width: 110px;\n  height: 110px;\n  transform-style: preserve-3d;\n  transition: transform 0.6s;\n}\n\n.boton-giratorio:hover .contenedor {\n  transform: rotateY(180deg);\n}\n\n.boton-giratorio .cara {\n  width: 110px;\n  height: 110px;\n  border-radius: 50%;\n  font-size: 17px;\n  text-align: center;\n  position: absolute;\n  backface-visibility: hidden;\n  display: flex;\n  flex-direction: column;\n  justify-content: center;\n  align-items: center;\n  padding: 10px;\n  box-sizing: border-box;\n}\n\n\/* Frente blanca con borde rojo y texto rojo *\/\n.boton-giratorio .frente {\n  background-color: #ffffff;\n  border: 2px solid #ce0021;\n  color: #ce0021;\n  transform: rotateY(0deg);\n  font-family: 'yo', sans-serif;\n  line-height: 1.2;\n}\n\n\/* El enlace ya no bloquea el hover *\/\n.boton-giratorio .frente a {\n  color: #ce0021;\n  text-decoration: none;\n  pointer-events: none;\n}\n\n\/* Cara trasera con tu logo *\/\n.boton-giratorio .atras {\n  transform: rotateY(180deg);\n  background: white url(\"https:\/\/pschile.cl\/jschile\/wp-content\/uploads\/2025\/08\/Logo_Juventud_Socialista_de_Chile.png\") center\/contain no-repeat;\n  color: black;\n  border: none;\n}\n\n.texto-multilinea {\n  display: block;\n  line-height: 1.2;\n}\n\n\/* Reducir tama\u00f1o en pantallas peque\u00f1as (celulares) *\/\n@media (max-width: 590px) {\n  .boton-giratorio .contenedor,\n  .boton-giratorio .cara {\n    width: 75px;\n    height: 75px;\n    font-size: 12px;\n  }\n}\n<\/style>\n\n<div class=\"boton-giratorio\" onclick=\"window.location.href='https:\/\/pschile.cl\/jschile\/quienes-somos\/';\">\n  <div class=\"contenedor\">\n    <div class=\"cara frente\">\n      <a>\n        <span class=\"texto-multilinea\">\u00bfQuienes<\/span>\n        <span class=\"texto-multilinea\">Somos?<\/span>\n      <\/a>\n    <\/div>\n    <div class=\"cara atras\"><\/div>\n  <\/div>\n<\/div>\t\t\t\t<\/div>\n\t\t\t\t<\/div>\n\t\t\t\t<div class=\"elementor-element elementor-element-185bbba elementor-widget__width-initial elementor-widget elementor-widget-html\" data-id=\"185bbba\" data-element_type=\"widget\" data-e-type=\"widget\" data-widget_type=\"html.default\">\n\t\t\t\t<div class=\"elementor-widget-container\">\n\t\t\t\t\t<style>\n\/* Bot\u00f3n giratorio normal *\/\n.boton-giratorio {\n  perspective: 1000px;\n  display: flex;\n  justify-content: center;\n  align-items: center;\n  width: 100%;\n  height: 100%;\n  cursor: pointer;\n}\n\n.boton-giratorio .contenedor {\n  position: relative;\n  width: 110px;\n  height: 110px;\n  transform-style: preserve-3d;\n  transition: transform 0.6s;\n}\n\n.boton-giratorio:hover .contenedor {\n  transform: rotateY(180deg);\n}\n\n.boton-giratorio .cara {\n  width: 110px;\n  height: 110px;\n  border-radius: 50%;\n  font-size: 17px;\n  text-align: center;\n  position: absolute;\n  backface-visibility: hidden;\n  display: flex;\n  flex-direction: column;\n  justify-content: center;\n  align-items: center;\n  padding: 10px;\n  box-sizing: border-box;\n}\n\n\/* Frente blanca con borde rojo y texto rojo *\/\n.boton-giratorio .frente {\n  background-color: #ffffff;\n  border: 2px solid #ce0021;\n  color: #ce0021;\n  transform: rotateY(0deg);\n  font-family: 'yo', sans-serif;\n  line-height: 1.2;\n}\n\n\/* El enlace ya no bloquea el hover *\/\n.boton-giratorio .frente a {\n  color: #ce0021;\n  text-decoration: none;\n  pointer-events: none;\n}\n\n\/* Cara trasera con tu logo *\/\n.boton-giratorio .atras {\n  transform: rotateY(180deg);\n  background: white url(\"https:\/\/pschile.cl\/jschile\/wp-content\/uploads\/2025\/08\/Logo_Juventud_Socialista_de_Chile.png\") center\/contain no-repeat;\n  color: black;\n  border: none;\n}\n\n.texto-multilinea {\n  display: block;\n  line-height: 1.2;\n}\n\n\/* Reducir tama\u00f1o en pantallas peque\u00f1as (celulares) *\/\n@media (max-width: 590px) {\n  .boton-giratorio .contenedor,\n  .boton-giratorio .cara {\n    width: 75px;\n    height: 75px;\n    font-size: 12px;\n  }\n}\n<\/style>\n\n<div class=\"boton-giratorio\" onclick=\"window.location.href='https:\/\/pschile.cl\/jschile\/nuestra-historia\/';\">\n  <div class=\"contenedor\">\n    <div class=\"cara frente\">\n      <a>\n        <span class=\"texto-multilinea\">Nuestra<\/span>\n        <span class=\"texto-multilinea\">Historia<\/span>\n      <\/a>\n    <\/div>\n    <div class=\"cara atras\"><\/div>\n  <\/div>\n<\/div>\t\t\t\t<\/div>\n\t\t\t\t<\/div>\n\t\t\t\t<div class=\"elementor-element elementor-element-01decd5 elementor-widget__width-initial elementor-widget elementor-widget-html\" data-id=\"01decd5\" data-element_type=\"widget\" data-e-type=\"widget\" data-widget_type=\"html.default\">\n\t\t\t\t<div class=\"elementor-widget-container\">\n\t\t\t\t\t<style>\n\/* Bot\u00f3n giratorio normal *\/\n.boton-giratorio {\n  perspective: 1000px;\n  display: flex;\n  justify-content: center;\n  align-items: center;\n  width: 100%;\n  height: 100%;\n  cursor: pointer;\n}\n\n.boton-giratorio .contenedor {\n  position: relative;\n  width: 110px;\n  height: 110px;\n  transform-style: preserve-3d;\n  transition: transform 0.6s;\n}\n\n.boton-giratorio:hover .contenedor {\n  transform: rotateY(180deg);\n}\n\n.boton-giratorio .cara {\n  width: 110px;\n  height: 110px;\n  border-radius: 50%;\n  font-size: 17px;\n  text-align: center;\n  position: absolute;\n  backface-visibility: hidden;\n  display: flex;\n  flex-direction: column;\n  justify-content: center;\n  align-items: center;\n  padding: 10px;\n  box-sizing: border-box;\n}\n\n\/* Frente blanca con borde rojo y texto rojo *\/\n.boton-giratorio .frente {\n  background-color: #ffffff;\n  border: 2px solid #ce0021;\n  color: #ce0021;\n  transform: rotateY(0deg);\n  font-family: 'yo', sans-serif;\n  line-height: 1.2;\n}\n\n\/* El enlace ya no bloquea el hover *\/\n.boton-giratorio .frente a {\n  color: #ce0021;\n  text-decoration: none;\n  pointer-events: none;\n}\n\n\/* Cara trasera con tu logo *\/\n.boton-giratorio .atras {\n  transform: rotateY(180deg);\n  background: white url(\"https:\/\/pschile.cl\/jschile\/wp-content\/uploads\/2025\/08\/Logo_Juventud_Socialista_de_Chile.png\") center\/contain no-repeat;\n  color: black;\n  border: none;\n}\n\n.texto-multilinea {\n  display: block;\n  line-height: 1.2;\n}\n\n\/* Reducir tama\u00f1o en pantallas peque\u00f1as (celulares) *\/\n@media (max-width: 590px) {\n  .boton-giratorio .contenedor,\n  .boton-giratorio .cara {\n    width: 75px;\n    height: 75px;\n    font-size: 12px;\n  }\n}\n<\/style>\n\n<div class=\"boton-giratorio\" onclick=\"window.location.href='https:\/\/pschile.cl\/jschile\/mesa-directiva\/';\">\n  <div class=\"contenedor\">\n    <div class=\"cara frente\">\n      <a>\n        <span class=\"texto-multilinea\">Mesa<\/span>\n        <span class=\"texto-multilinea\">Directiva<\/span>\n      <\/a>\n    <\/div>\n    <div class=\"cara atras\"><\/div>\n  <\/div>\n<\/div>\t\t\t\t<\/div>\n\t\t\t\t<\/div>\n\t\t\t\t<div class=\"elementor-element elementor-element-44883ab elementor-widget__width-initial elementor-widget elementor-widget-html\" data-id=\"44883ab\" data-element_type=\"widget\" data-e-type=\"widget\" data-widget_type=\"html.default\">\n\t\t\t\t<div class=\"elementor-widget-container\">\n\t\t\t\t\t<style>\n\/* Bot\u00f3n giratorio normal *\/\n.boton-giratorio {\n  perspective: 1000px;\n  display: flex;\n  justify-content: center;\n  align-items: center;\n  width: 100%;\n  height: 100%;\n  cursor: pointer;\n}\n\n.boton-giratorio .contenedor {\n  position: relative;\n  width: 110px;\n  height: 110px;\n  transform-style: preserve-3d;\n  transition: transform 0.6s;\n}\n\n.boton-giratorio:hover .contenedor {\n  transform: rotateY(180deg);\n}\n\n.boton-giratorio .cara {\n  width: 110px;\n  height: 110px;\n  border-radius: 50%;\n  font-size: 17px;\n  text-align: center;\n  position: absolute;\n  backface-visibility: hidden;\n  display: flex;\n  flex-direction: column;\n  justify-content: center;\n  align-items: center;\n  padding: 10px;\n  box-sizing: border-box;\n}\n\n\/* Frente blanca con borde rojo y texto rojo *\/\n.boton-giratorio .frente {\n  background-color: #ffffff;\n  border: 2px solid #ce0021;\n  color: #ce0021;\n  transform: rotateY(0deg);\n  font-family: 'yo', sans-serif;\n  line-height: 1.2;\n}\n\n\/* El enlace ya no bloquea el hover *\/\n.boton-giratorio .frente a {\n  color: #ce0021;\n  text-decoration: none;\n  pointer-events: none;\n}\n\n\/* Cara trasera con tu logo *\/\n.boton-giratorio .atras {\n  transform: rotateY(180deg);\n  background: white url(\"https:\/\/pschile.cl\/jschile\/wp-content\/uploads\/2025\/08\/Logo_Juventud_Socialista_de_Chile.png\") center\/contain no-repeat;\n  color: black;\n  border: none;\n}\n\n.texto-multilinea {\n  display: block;\n  line-height: 1.2;\n}\n\n\/* Reducir tama\u00f1o en pantallas peque\u00f1as (celulares) *\/\n@media (max-width: 590px) {\n  .boton-giratorio .contenedor,\n  .boton-giratorio .cara {\n    width: 75px;\n    height: 75px;\n    font-size: 12px;\n  }\n}\n<\/style>\n\n<div class=\"boton-giratorio\" onclick=\"window.location.href='https:\/\/drive.google.com\/file\/d\/18nuE0e2UY2pwjbT0UA16MF1wgM6-6Z-q\/view';\">\n  <div class=\"contenedor\">\n    <div class=\"cara frente\">\n      <a>\n        <span class=\"texto-multilinea\">Estatuto<\/span>\n        <span class=\"texto-multilinea\"><\/span>\n      <\/a>\n    <\/div>\n    <div class=\"cara atras\"><\/div>\n  <\/div>\n<\/div>\t\t\t\t<\/div>\n\t\t\t\t<\/div>\n\t\t\t\t\t<\/div>\n\t\t<\/div>\n\t\t\t\t\t<\/div>\n\t\t<\/section>\n\t\t\t\t<\/div>\n\t\t","protected":false},"excerpt":{"rendered":"<p>\u00bfQUIENES SOMOS? La Juventud Socialista de Chile\u00a0es una organizaci\u00f3n pol\u00edtica y social integrada por j\u00f3venes que luchan por un Chile m\u00e1s justo, libre y solidario. Fundada en 1935, es parte del Partido Socialista de Chile, heredera de una tradici\u00f3n de compromiso con las luchas del pueblo y con la transformaci\u00f3n democr\u00e1tica de la sociedad. \u00a0 Hoy somos cerca de 6.000 militantes distribuidos a lo largo del pa\u00eds, presentes en espacios estudiantiles, territoriales y laborales.\u00a0Nos une la convicci\u00f3n de que el socialismo chileno es, ante todo, un proyecto democratico, nacional y popular. \u00a0 Nuestra organizaci\u00f3n se estructura de manera democr\u00e1tica y representativa, guiada por los principios de igualdad, justicia y fraternidad. La Mesa Directiva Nacional, elegida por voto militante, coordina el trabajo de las juventudes a lo largo del territorio, promoviendo la formaci\u00f3n pol\u00edtica, la acci\u00f3n social y la articulaci\u00f3n con el movimiento popular. La vida org\u00e1nica de la JS se rige por un Estatuto que consagra la democracia interna, el pluralismo y la participaci\u00f3n como pilares del socialismo chileno contempor\u00e1neo. Conoce m\u00e1s sobre la JSCh \u00bfQuienes Somos? Nuestra Historia Mesa Directiva Estatuto<\/p>\n","protected":false},"author":2,"featured_media":0,"parent":0,"menu_order":0,"comment_status":"closed","ping_status":"closed","template":"elementor_canvas","meta":{"footnotes":""},"class_list":["post-1301","page","type-page","status-publish","hentry"],"_links":{"self":[{"href":"https:\/\/pschile.cl\/jschile\/wp-json\/wp\/v2\/pages\/1301","targetHints":{"allow":["GET"]}}],"collection":[{"href":"https:\/\/pschile.cl\/jschile\/wp-json\/wp\/v2\/pages"}],"about":[{"href":"https:\/\/pschile.cl\/jschile\/wp-json\/wp\/v2\/types\/page"}],"author":[{"embeddable":true,"href":"https:\/\/pschile.cl\/jschile\/wp-json\/wp\/v2\/users\/2"}],"replies":[{"embeddable":true,"href":"https:\/\/pschile.cl\/jschile\/wp-json\/wp\/v2\/comments?post=1301"}],"version-history":[{"count":20,"href":"https:\/\/pschile.cl\/jschile\/wp-json\/wp\/v2\/pages\/1301\/revisions"}],"predecessor-version":[{"id":3383,"href":"https:\/\/pschile.cl\/jschile\/wp-json\/wp\/v2\/pages\/1301\/revisions\/3383"}],"wp:attachment":[{"href":"https:\/\/pschile.cl\/jschile\/wp-json\/wp\/v2\/media?parent=1301"}],"curies":[{"name":"wp","href":"https:\/\/api.w.org\/{rel}","templated":true}]}}