{"id":2892,"date":"2025-10-19T20:14:40","date_gmt":"2025-10-19T20:14:40","guid":{"rendered":"https:\/\/pschile.cl\/jschile\/?page_id=2892"},"modified":"2026-01-24T20:20:32","modified_gmt":"2026-01-24T20:20:32","slug":"formacion","status":"publish","type":"page","link":"https:\/\/pschile.cl\/jschile\/formacion\/","title":{"rendered":"FORMACI\u00d3N"},"content":{"rendered":"\t\t<div data-elementor-type=\"wp-page\" data-elementor-id=\"2892\" class=\"elementor elementor-2892\">\n\t\t\t\t\t\t<section class=\"elementor-section elementor-top-section elementor-element elementor-element-2fc7ef0 elementor-section-height-min-height elementor-section-boxed elementor-section-height-default elementor-section-items-middle wpr-particle-no wpr-jarallax-no wpr-parallax-no wpr-sticky-section-no wpr-equal-height-no\" data-id=\"2fc7ef0\" data-element_type=\"section\" data-e-type=\"section\" data-settings=\"{&quot;background_background&quot;:&quot;classic&quot;}\">\n\t\t\t\t\t\t<div class=\"elementor-container elementor-column-gap-default\">\n\t\t\t\t\t<div class=\"elementor-column elementor-col-100 elementor-top-column elementor-element elementor-element-26ecfbc\" data-id=\"26ecfbc\" data-element_type=\"column\" data-e-type=\"column\">\n\t\t\t<div class=\"elementor-widget-wrap elementor-element-populated\">\n\t\t\t\t\t\t<div class=\"elementor-element elementor-element-43ed4e9 elementor-widget elementor-widget-text-editor\" data-id=\"43ed4e9\" data-element_type=\"widget\" data-e-type=\"widget\" data-widget_type=\"text-editor.default\">\n\t\t\t\t<div class=\"elementor-widget-container\">\n\t\t\t\t\t\t\t\t\t<p>FORMACI\u00d3N<\/p>\t\t\t\t\t\t\t\t<\/div>\n\t\t\t\t<\/div>\n\t\t\t\t\t<\/div>\n\t\t<\/div>\n\t\t\t\t\t<\/div>\n\t\t<\/section>\n\t\t\t\t<section class=\"elementor-section elementor-top-section elementor-element elementor-element-5e386e2 elementor-section-height-min-height elementor-section-content-middle elementor-section-stretched elementor-section-boxed elementor-section-height-default elementor-section-items-middle wpr-particle-no wpr-jarallax-no wpr-parallax-no wpr-sticky-section-no wpr-equal-height-no\" data-id=\"5e386e2\" data-element_type=\"section\" data-e-type=\"section\" data-settings=\"{&quot;stretch_section&quot;:&quot;section-stretched&quot;}\">\n\t\t\t\t\t\t<div class=\"elementor-container elementor-column-gap-no\">\n\t\t\t\t\t<div class=\"elementor-column elementor-col-100 elementor-top-column elementor-element elementor-element-db6ef04\" data-id=\"db6ef04\" data-element_type=\"column\" data-e-type=\"column\">\n\t\t\t<div class=\"elementor-widget-wrap elementor-element-populated\">\n\t\t\t\t\t\t<div class=\"elementor-element elementor-element-1e00dd8 elementor-widget__width-initial elementor-widget elementor-widget-image\" data-id=\"1e00dd8\" data-element_type=\"widget\" data-e-type=\"widget\" data-widget_type=\"image.default\">\n\t\t\t\t<div class=\"elementor-widget-container\">\n\t\t\t\t\t\t\t\t\t\t\t\t\t\t\t<img fetchpriority=\"high\" decoding=\"async\" width=\"722\" height=\"1024\" src=\"https:\/\/pschile.cl\/jschile\/wp-content\/uploads\/2025\/10\/numero-1-722x1024.jpg\" class=\"attachment-large size-large wp-image-2900\" alt=\"\" srcset=\"https:\/\/pschile.cl\/jschile\/wp-content\/uploads\/2025\/10\/numero-1-722x1024.jpg 722w, https:\/\/pschile.cl\/jschile\/wp-content\/uploads\/2025\/10\/numero-1-211x300.jpg 211w, https:\/\/pschile.cl\/jschile\/wp-content\/uploads\/2025\/10\/numero-1-768x1090.jpg 768w, https:\/\/pschile.cl\/jschile\/wp-content\/uploads\/2025\/10\/numero-1-1083x1536.jpg 1083w, https:\/\/pschile.cl\/jschile\/wp-content\/uploads\/2025\/10\/numero-1-1444x2048.jpg 1444w, https:\/\/pschile.cl\/jschile\/wp-content\/uploads\/2025\/10\/numero-1-scaled.jpg 1804w\" sizes=\"(max-width: 722px) 100vw, 722px\" \/>\t\t\t\t\t\t\t\t\t\t\t\t\t\t\t<\/div>\n\t\t\t\t<\/div>\n\t\t\t\t<div class=\"elementor-element elementor-element-998b03b elementor-widget__width-initial elementor-widget elementor-widget-image\" data-id=\"998b03b\" data-element_type=\"widget\" data-e-type=\"widget\" data-widget_type=\"image.default\">\n\t\t\t\t<div class=\"elementor-widget-container\">\n\t\t\t\t\t\t\t\t\t\t\t\t\t\t\t\t<a href=\"http:\/\/pschile.cl\/jschile\/wp-content\/uploads\/2025\/11\/2.-Historia-del-Partido-Socialista.pdf\">\n\t\t\t\t\t\t\t<img decoding=\"async\" width=\"722\" height=\"1024\" src=\"https:\/\/pschile.cl\/jschile\/wp-content\/uploads\/2025\/10\/numero-2-722x1024.jpg\" class=\"attachment-large size-large wp-image-2897\" alt=\"\" srcset=\"https:\/\/pschile.cl\/jschile\/wp-content\/uploads\/2025\/10\/numero-2-722x1024.jpg 722w, https:\/\/pschile.cl\/jschile\/wp-content\/uploads\/2025\/10\/numero-2-211x300.jpg 211w, https:\/\/pschile.cl\/jschile\/wp-content\/uploads\/2025\/10\/numero-2-768x1090.jpg 768w, https:\/\/pschile.cl\/jschile\/wp-content\/uploads\/2025\/10\/numero-2-1083x1536.jpg 1083w, https:\/\/pschile.cl\/jschile\/wp-content\/uploads\/2025\/10\/numero-2-1444x2048.jpg 1444w, https:\/\/pschile.cl\/jschile\/wp-content\/uploads\/2025\/10\/numero-2-scaled.jpg 1804w\" sizes=\"(max-width: 722px) 100vw, 722px\" \/>\t\t\t\t\t\t\t\t<\/a>\n\t\t\t\t\t\t\t\t\t\t\t\t\t\t\t<\/div>\n\t\t\t\t<\/div>\n\t\t\t\t<div class=\"elementor-element elementor-element-d996b28 elementor-widget__width-initial elementor-widget elementor-widget-image\" data-id=\"d996b28\" data-element_type=\"widget\" data-e-type=\"widget\" data-widget_type=\"image.default\">\n\t\t\t\t<div class=\"elementor-widget-container\">\n\t\t\t\t\t\t\t\t\t\t\t\t\t\t\t\t<a href=\"http:\/\/pschile.cl\/jschile\/wp-content\/uploads\/2025\/11\/\">\n\t\t\t\t\t\t\t<img decoding=\"async\" width=\"722\" height=\"1024\" src=\"https:\/\/pschile.cl\/jschile\/wp-content\/uploads\/2025\/10\/numero-3-722x1024.jpg\" class=\"attachment-large size-large wp-image-2899\" alt=\"\" srcset=\"https:\/\/pschile.cl\/jschile\/wp-content\/uploads\/2025\/10\/numero-3-722x1024.jpg 722w, https:\/\/pschile.cl\/jschile\/wp-content\/uploads\/2025\/10\/numero-3-211x300.jpg 211w, https:\/\/pschile.cl\/jschile\/wp-content\/uploads\/2025\/10\/numero-3-768x1090.jpg 768w, https:\/\/pschile.cl\/jschile\/wp-content\/uploads\/2025\/10\/numero-3-1083x1536.jpg 1083w, https:\/\/pschile.cl\/jschile\/wp-content\/uploads\/2025\/10\/numero-3-1444x2048.jpg 1444w, https:\/\/pschile.cl\/jschile\/wp-content\/uploads\/2025\/10\/numero-3-scaled.jpg 1804w\" sizes=\"(max-width: 722px) 100vw, 722px\" \/>\t\t\t\t\t\t\t\t<\/a>\n\t\t\t\t\t\t\t\t\t\t\t\t\t\t\t<\/div>\n\t\t\t\t<\/div>\n\t\t\t\t<div class=\"elementor-element elementor-element-0239122 elementor-widget__width-initial elementor-widget elementor-widget-image\" data-id=\"0239122\" data-element_type=\"widget\" data-e-type=\"widget\" data-widget_type=\"image.default\">\n\t\t\t\t<div class=\"elementor-widget-container\">\n\t\t\t\t\t\t\t\t\t\t\t\t\t\t\t\t<a href=\"http:\/\/pschile.cl\/jschile\/wp-content\/uploads\/2025\/11\/4.-Historia-de-la-Juventud-Socialista.pdf\">\n\t\t\t\t\t\t\t<img loading=\"lazy\" decoding=\"async\" width=\"722\" height=\"1024\" src=\"https:\/\/pschile.cl\/jschile\/wp-content\/uploads\/2025\/10\/numero-4-722x1024.jpg\" class=\"attachment-large size-large wp-image-2898\" alt=\"\" srcset=\"https:\/\/pschile.cl\/jschile\/wp-content\/uploads\/2025\/10\/numero-4-722x1024.jpg 722w, https:\/\/pschile.cl\/jschile\/wp-content\/uploads\/2025\/10\/numero-4-211x300.jpg 211w, https:\/\/pschile.cl\/jschile\/wp-content\/uploads\/2025\/10\/numero-4-768x1090.jpg 768w, https:\/\/pschile.cl\/jschile\/wp-content\/uploads\/2025\/10\/numero-4-1083x1536.jpg 1083w, https:\/\/pschile.cl\/jschile\/wp-content\/uploads\/2025\/10\/numero-4-1444x2048.jpg 1444w, https:\/\/pschile.cl\/jschile\/wp-content\/uploads\/2025\/10\/numero-4-scaled.jpg 1804w\" sizes=\"(max-width: 722px) 100vw, 722px\" \/>\t\t\t\t\t\t\t\t<\/a>\n\t\t\t\t\t\t\t\t\t\t\t\t\t\t\t<\/div>\n\t\t\t\t<\/div>\n\t\t\t\t\t<\/div>\n\t\t<\/div>\n\t\t\t\t\t<\/div>\n\t\t<\/section>\n\t\t\t\t<section class=\"elementor-section elementor-top-section elementor-element elementor-element-0c68846 elementor-section-boxed elementor-section-height-default elementor-section-height-default wpr-particle-no wpr-jarallax-no wpr-parallax-no wpr-sticky-section-no wpr-equal-height-no\" data-id=\"0c68846\" data-element_type=\"section\" data-e-type=\"section\">\n\t\t\t\t\t\t<div class=\"elementor-container elementor-column-gap-no\">\n\t\t\t\t\t<div class=\"elementor-column elementor-col-100 elementor-top-column elementor-element elementor-element-7d33ff7\" data-id=\"7d33ff7\" data-element_type=\"column\" data-e-type=\"column\">\n\t\t\t<div class=\"elementor-widget-wrap elementor-element-populated\">\n\t\t\t\t\t\t<div class=\"elementor-element elementor-element-4e0a210 elementor-widget elementor-widget-html\" data-id=\"4e0a210\" data-element_type=\"widget\" data-e-type=\"widget\" data-widget_type=\"html.default\">\n\t\t\t\t<div class=\"elementor-widget-container\">\n\t\t\t\t\t<style>\n\/* ====== Banda principal ====== *\/\n.ticker-band {\n  width: 100%;\n  background: #ce0021;\n  overflow: hidden;\n  box-sizing: border-box;\n  padding: 1px 0;\n  position: relative;\n}\n\n\/* ====== Contenedor animado ====== *\/\n.ticker-track {\n  display: flex;\n  white-space: nowrap;\n  will-change: transform;\n  animation: scroll-left 25s linear infinite;\n  font-family: 'yo', sans-serif;\n  font-size: 21px;\n  font-style: italic; \/* Cursiva *\/\n  color: #ffffff;\n}\n\n\/* ====== Repetici\u00f3n del texto ====== *\/\n.ticker-item {\n  display: inline-block;\n  padding: 0 4rem; \/* Espacio entre repeticiones *\/\n}\n\n\/* ====== Pausa accesible ====== *\/\n.ticker-band:hover .ticker-track,\n.ticker-band:focus-within .ticker-track {\n  animation-play-state: paused;\n}\n\n\/* ====== Animaci\u00f3n fluida (sin cortes) ====== *\/\n@keyframes scroll-left {\n  0%   { transform: translateX(0); }\n  100% { transform: translateX(-50%); }\n}\n\n\/* ====== Reducci\u00f3n de movimiento ====== *\/\n@media (prefers-reduced-motion: reduce) {\n  .ticker-track {\n    animation: none;\n  }\n}\n\n\/* ====== Ajuste para m\u00f3viles ====== *\/\n@media (max-width: 480px) {\n  .ticker-track { font-size: 18px; }\n}\n<\/style>\n\n<!-- ====== HTML ====== -->\n<div class=\"ticker-band\" aria-label=\"Mensaje en movimiento\" role=\"region\">\n  <div class=\"ticker-track\">\n    <span class=\"ticker-item\">Una juventud libre para una tierra libre<\/span>\n    <span class=\"ticker-item\">Una juventud libre para una tierra libre<\/span>\n    <span class=\"ticker-item\">Una juventud libre para una tierra libre<\/span>\n    <span class=\"ticker-item\">Una juventud libre para una tierra libre<\/span>\n  <\/div>\n<\/div>\t\t\t\t<\/div>\n\t\t\t\t<\/div>\n\t\t\t\t\t<\/div>\n\t\t<\/div>\n\t\t\t\t\t<\/div>\n\t\t<\/section>\n\t\t\t\t<section class=\"elementor-section elementor-top-section elementor-element elementor-element-5e2f2b0 elementor-section-boxed elementor-section-height-default elementor-section-height-default wpr-particle-no wpr-jarallax-no wpr-parallax-no wpr-sticky-section-no wpr-equal-height-no\" data-id=\"5e2f2b0\" data-element_type=\"section\" data-e-type=\"section\">\n\t\t\t\t\t\t<div class=\"elementor-container elementor-column-gap-no\">\n\t\t\t\t\t<div class=\"elementor-column elementor-col-50 elementor-top-column elementor-element elementor-element-7d136f8\" data-id=\"7d136f8\" data-element_type=\"column\" data-e-type=\"column\">\n\t\t\t<div class=\"elementor-widget-wrap elementor-element-populated\">\n\t\t\t\t\t\t<div class=\"elementor-element elementor-element-c016262 elementor-widget elementor-widget-text-editor\" data-id=\"c016262\" data-element_type=\"widget\" data-e-type=\"widget\" data-widget_type=\"text-editor.default\">\n\t\t\t\t<div class=\"elementor-widget-container\">\n\t\t\t\t\t\t\t\t\t<p>Bienvenido al espacio de formaci\u00f3n. En este lugar encontrar\u00e1s documentos fundamentales para la formaci\u00f3n militante: teor\u00eda socialista, an\u00e1lisis pol\u00edtico chileno y herramientas de organizaci\u00f3n popular.<\/p><p><b>Invitamos a militantes y simpatizantes a descargar, estudiar y debatir estos materiales para fortalecer nuestras luchas colectivas.\u00a0Pronto, m\u00e1s informaci\u00f3n.\u00a0<\/b><\/p>\t\t\t\t\t\t\t\t<\/div>\n\t\t\t\t<\/div>\n\t\t\t\t\t<\/div>\n\t\t<\/div>\n\t\t\t\t<div class=\"elementor-column elementor-col-50 elementor-top-column elementor-element elementor-element-6d1840c\" data-id=\"6d1840c\" data-element_type=\"column\" data-e-type=\"column\">\n\t\t\t<div class=\"elementor-widget-wrap elementor-element-populated\">\n\t\t\t\t\t\t<div class=\"elementor-element elementor-element-a61007b elementor-widget elementor-widget-text-editor\" data-id=\"a61007b\" data-element_type=\"widget\" data-e-type=\"widget\" data-widget_type=\"text-editor.default\">\n\t\t\t\t<div class=\"elementor-widget-container\">\n\t\t\t\t\t\t\t\t\t<p>\t\t<input type=\"hidden\" name=\"category-search-77616962891296584cab95cff83d2f32ec\" value=\"\" class=\"category-search-77616962891296584cab95cff83d2f32ec\">\n\t\t<table id=\"77616962891296584cab95cff83d2f32ec\" class=\"document-library-table\" data-page-length=\"20\" data-paging=\"false\" data-click-filter=\"true\" data-scroll-offset=\"15\" cellspacing=\"0\" width=\"100%\">\n\t\t\t<thead><tr><th data-name=\"title\" data-priority=\"1\" data-width=\"\" data-orderable=\"true\">Title<\/th><th data-name=\"link\" data-priority=\"4\" data-width=\"\" data-orderable=\"false\">Link<\/th><\/tr><\/thead>\t\t\t<tbody>\n\t\t\t\t<tr><td>Cuadernillo N\u00ba2: Historia del Partido Socialista<\/td><td><a href=\"https:\/\/pschile.cl\/jschile\/wp-content\/uploads\/2025\/11\/2.-Historia-del-Partido-Socialista.pdf\" class=\"dll-download-button document-library-button button btn\"  download=\"2.-Historia-del-Partido-Socialista.pdf\" type=\"application\/pdf\">Descargar<\/a><\/td><\/tr><tr><td>Cuadernillo N\u00ba3: Principios Elementales de Socialismo<\/td><td><a href=\"https:\/\/pschile.cl\/jschile\/wp-content\/uploads\/2025\/11\/3.-Principios-Elementales-del-Socialismo.pdf\" class=\"dll-download-button document-library-button button btn\"  download=\"3.-Principios-Elementales-del-Socialismo.pdf\" type=\"application\/pdf\">Descargar<\/a><\/td><\/tr><tr><td>Cuadernillo N\u00ba4: Historia de la JSCh<\/td><td><a href=\"https:\/\/pschile.cl\/jschile\/wp-content\/uploads\/2025\/11\/4.-Historia-de-la-Juventud-Socialista.pdf\" class=\"dll-download-button document-library-button button btn\"  download=\"4.-Historia-de-la-Juventud-Socialista.pdf\" type=\"application\/pdf\">Descargar<\/a><\/td><\/tr><tr><td>Estatuto de la Juventud Socialista de Chile<\/td><td><a href=\"https:\/\/pschile.cl\/jschile\/wp-content\/uploads\/2025\/08\/Estatutos_JS_Final.pdf\" class=\"dll-download-button document-library-button button btn\"  download=\"Estatutos_JS_Final.pdf\" type=\"application\/pdf\">Descargar<\/a><\/td><\/tr>\t\t\t<\/tbody>\n\t\t<\/table>\n\t\t<\/p>\t\t\t\t\t\t\t\t<\/div>\n\t\t\t\t<\/div>\n\t\t\t\t\t<\/div>\n\t\t<\/div>\n\t\t\t\t\t<\/div>\n\t\t<\/section>\n\t\t\t\t<section class=\"elementor-section elementor-top-section elementor-element elementor-element-d0a1bcc elementor-section-boxed elementor-section-height-default elementor-section-height-default wpr-particle-no wpr-jarallax-no wpr-parallax-no wpr-sticky-section-no wpr-equal-height-no\" data-id=\"d0a1bcc\" data-element_type=\"section\" data-e-type=\"section\">\n\t\t\t\t\t\t<div class=\"elementor-container elementor-column-gap-no\">\n\t\t\t\t\t<div class=\"elementor-column elementor-col-100 elementor-top-column elementor-element elementor-element-9983689\" data-id=\"9983689\" data-element_type=\"column\" data-e-type=\"column\">\n\t\t\t<div class=\"elementor-widget-wrap elementor-element-populated\">\n\t\t\t\t\t\t<div class=\"elementor-element elementor-element-4977f00 elementor-widget elementor-widget-html\" data-id=\"4977f00\" data-element_type=\"widget\" data-e-type=\"widget\" data-widget_type=\"html.default\">\n\t\t\t\t<div class=\"elementor-widget-container\">\n\t\t\t\t\t<style>\n\/* ====== Banda principal ====== *\/\n.ticker-band {\n  width: 100%;\n  background: #ce0021;\n  overflow: hidden;\n  box-sizing: border-box;\n  padding: 1px 0;\n  position: relative;\n}\n\n\/* ====== Contenedor animado ====== *\/\n.ticker-track {\n  display: flex;\n  white-space: nowrap;\n  will-change: transform;\n  animation: scroll-left 25s linear infinite;\n  font-family: 'yo', sans-serif;\n  font-size: 21px;\n  font-style: italic; \/* Cursiva *\/\n  color: #ffffff;\n}\n\n\/* ====== Repetici\u00f3n del texto ====== *\/\n.ticker-item {\n  display: inline-block;\n  padding: 0 4rem; \/* Espacio entre repeticiones *\/\n}\n\n\/* ====== Pausa accesible ====== *\/\n.ticker-band:hover .ticker-track,\n.ticker-band:focus-within .ticker-track {\n  animation-play-state: paused;\n}\n\n\/* ====== Animaci\u00f3n fluida (sin cortes) ====== *\/\n@keyframes scroll-left {\n  0%   { transform: translateX(0); }\n  100% { transform: translateX(-50%); }\n}\n\n\/* ====== Reducci\u00f3n de movimiento ====== *\/\n@media (prefers-reduced-motion: reduce) {\n  .ticker-track {\n    animation: none;\n  }\n}\n\n\/* ====== Ajuste para m\u00f3viles ====== *\/\n@media (max-width: 480px) {\n  .ticker-track { font-size: 18px; }\n}\n<\/style>\n\n<!-- ====== HTML ====== -->\n<div class=\"ticker-band\" aria-label=\"Mensaje en movimiento\" role=\"region\">\n  <div class=\"ticker-track\">\n    <span class=\"ticker-item\">Una juventud libre para una tierra libre<\/span>\n    <span class=\"ticker-item\">Una juventud libre para una tierra libre<\/span>\n    <span class=\"ticker-item\">Una juventud libre para una tierra libre<\/span>\n    <span class=\"ticker-item\">Una juventud libre para una tierra libre<\/span>\n  <\/div>\n<\/div>\t\t\t\t<\/div>\n\t\t\t\t<\/div>\n\t\t\t\t\t<\/div>\n\t\t<\/div>\n\t\t\t\t\t<\/div>\n\t\t<\/section>\n\t\t\t\t<\/div>\n\t\t","protected":false},"excerpt":{"rendered":"<p>FORMACI\u00d3N Una juventud libre para una tierra libre Una juventud libre para una tierra libre Una juventud libre para una tierra libre Una juventud libre para una tierra libre Bienvenido al espacio de formaci\u00f3n. En este lugar encontrar\u00e1s documentos fundamentales para la formaci\u00f3n militante: teor\u00eda socialista, an\u00e1lisis pol\u00edtico chileno y herramientas de organizaci\u00f3n popular. Invitamos a militantes y simpatizantes a descargar, estudiar y debatir estos materiales para fortalecer nuestras luchas colectivas.\u00a0Pronto, m\u00e1s informaci\u00f3n.\u00a0 Una juventud libre para una tierra libre Una juventud libre para una tierra libre Una juventud libre para una tierra libre Una juventud libre para una tierra libre<\/p>\n","protected":false},"author":2,"featured_media":0,"parent":0,"menu_order":0,"comment_status":"closed","ping_status":"closed","template":"elementor_canvas","meta":{"footnotes":""},"class_list":["post-2892","page","type-page","status-publish","hentry"],"_links":{"self":[{"href":"https:\/\/pschile.cl\/jschile\/wp-json\/wp\/v2\/pages\/2892","targetHints":{"allow":["GET"]}}],"collection":[{"href":"https:\/\/pschile.cl\/jschile\/wp-json\/wp\/v2\/pages"}],"about":[{"href":"https:\/\/pschile.cl\/jschile\/wp-json\/wp\/v2\/types\/page"}],"author":[{"embeddable":true,"href":"https:\/\/pschile.cl\/jschile\/wp-json\/wp\/v2\/users\/2"}],"replies":[{"embeddable":true,"href":"https:\/\/pschile.cl\/jschile\/wp-json\/wp\/v2\/comments?post=2892"}],"version-history":[{"count":20,"href":"https:\/\/pschile.cl\/jschile\/wp-json\/wp\/v2\/pages\/2892\/revisions"}],"predecessor-version":[{"id":3256,"href":"https:\/\/pschile.cl\/jschile\/wp-json\/wp\/v2\/pages\/2892\/revisions\/3256"}],"wp:attachment":[{"href":"https:\/\/pschile.cl\/jschile\/wp-json\/wp\/v2\/media?parent=2892"}],"curies":[{"name":"wp","href":"https:\/\/api.w.org\/{rel}","templated":true}]}}