{"id":3299,"date":"2026-02-16T22:51:32","date_gmt":"2026-02-16T22:51:32","guid":{"rendered":"https:\/\/pschile.cl\/jschile\/?page_id=3299"},"modified":"2026-03-31T03:34:59","modified_gmt":"2026-03-31T03:34:59","slug":"actualidad","status":"publish","type":"page","link":"https:\/\/pschile.cl\/jschile\/actualidad\/","title":{"rendered":"ACTUALIDAD"},"content":{"rendered":"\t\t<div data-elementor-type=\"wp-page\" data-elementor-id=\"3299\" class=\"elementor elementor-3299\">\n\t\t\t\t\t\t<section class=\"elementor-section elementor-top-section elementor-element elementor-element-84e1379 elementor-section-height-min-height elementor-section-boxed elementor-section-height-default elementor-section-items-middle wpr-particle-no wpr-jarallax-no wpr-parallax-no wpr-sticky-section-no wpr-equal-height-no\" data-id=\"84e1379\" data-element_type=\"section\" data-e-type=\"section\" data-settings=\"{&quot;background_background&quot;:&quot;classic&quot;}\">\n\t\t\t\t\t\t<div class=\"elementor-container elementor-column-gap-default\">\n\t\t\t\t\t<div class=\"elementor-column elementor-col-100 elementor-top-column elementor-element elementor-element-6676819\" data-id=\"6676819\" data-element_type=\"column\" data-e-type=\"column\">\n\t\t\t<div class=\"elementor-widget-wrap elementor-element-populated\">\n\t\t\t\t\t\t<div class=\"elementor-element elementor-element-add7ba5 elementor-widget elementor-widget-text-editor\" data-id=\"add7ba5\" data-element_type=\"widget\" data-e-type=\"widget\" data-widget_type=\"text-editor.default\">\n\t\t\t\t<div class=\"elementor-widget-container\">\n\t\t\t\t\t\t\t\t\t<p>ACTUALIDAD<\/p>\t\t\t\t\t\t\t\t<\/div>\n\t\t\t\t<\/div>\n\t\t\t\t\t<\/div>\n\t\t<\/div>\n\t\t\t\t\t<\/div>\n\t\t<\/section>\n\t\t\t\t<section class=\"elementor-section elementor-top-section elementor-element elementor-element-51e0c78 elementor-section-boxed elementor-section-height-default elementor-section-height-default wpr-particle-no wpr-jarallax-no wpr-parallax-no wpr-sticky-section-no wpr-equal-height-no\" data-id=\"51e0c78\" data-element_type=\"section\" data-e-type=\"section\">\n\t\t\t\t\t\t<div class=\"elementor-container elementor-column-gap-no\">\n\t\t\t\t\t<div class=\"elementor-column elementor-col-100 elementor-top-column elementor-element elementor-element-4530dbc\" data-id=\"4530dbc\" data-element_type=\"column\" data-e-type=\"column\">\n\t\t\t<div class=\"elementor-widget-wrap elementor-element-populated\">\n\t\t\t\t\t\t<div class=\"elementor-element elementor-element-569c8f4 wpr-grid-columns-2 wpr-grid-columns--tablet2 wpr-grid-columns--mobile1 wpr-grid-pagination-center wpr-item-styles-inner elementor-invisible elementor-widget elementor-widget-wpr-grid\" data-id=\"569c8f4\" data-element_type=\"widget\" data-e-type=\"widget\" data-settings=\"{&quot;_animation&quot;:&quot;fadeInLeft&quot;}\" data-widget_type=\"wpr-grid.default\">\n\t\t\t\t<div class=\"elementor-widget-container\">\n\t\t\t\t\t<ul class=\"wpr-grid-filters elementor-clearfix wpr-grid-filters-sep-right\"><li class=\" wpr-pointer-none wpr-pointer-line-fx wpr-pointer-fx-none\"><span  data-filter=\"*\" class=\"wpr-grid-filters-item wpr-active-filter \">All Posts<\/span><em class=\"wpr-grid-filters-sep\"><\/em><\/li><li class=\" wpr-pointer-none wpr-pointer-line-fx wpr-pointer-fx-none\"><span   data-ajax-filter=[\"category\",\"actualidad\"]  data-filter=\".category-actualidad\">Actualidad<\/span><em class=\"wpr-grid-filters-sep\"><\/em><\/li><\/ul><section class=\"wpr-grid elementor-clearfix\" data-settings=\"{&quot;layout&quot;:&quot;fitRows&quot;,&quot;stick_last_element_to_bottom&quot;:&quot;&quot;,&quot;columns_desktop&quot;:&quot;2&quot;,&quot;gutter_hr&quot;:15,&quot;gutter_hr_mobile&quot;:15,&quot;gutter_hr_mobile_extra&quot;:15,&quot;gutter_hr_tablet&quot;:15,&quot;gutter_hr_tablet_extra&quot;:15,&quot;gutter_hr_laptop&quot;:15,&quot;gutter_hr_widescreen&quot;:15,&quot;gutter_vr&quot;:25,&quot;gutter_vr_mobile&quot;:10,&quot;gutter_vr_mobile_extra&quot;:25,&quot;gutter_vr_tablet&quot;:25,&quot;gutter_vr_tablet_extra&quot;:25,&quot;gutter_vr_laptop&quot;:25,&quot;gutter_vr_widescreen&quot;:25,&quot;animation&quot;:&quot;default&quot;,&quot;animation_duration&quot;:0.299999999999999988897769753748434595763683319091796875,&quot;animation_delay&quot;:0.1000000000000000055511151231257827021181583404541015625,&quot;deeplinking&quot;:&quot;&quot;,&quot;filters_linkable&quot;:&quot;no&quot;,&quot;filters_default_filter&quot;:&quot;&quot;,&quot;filters_count&quot;:&quot;&quot;,&quot;filters_hide_empty&quot;:&quot;no&quot;,&quot;filters_animation&quot;:&quot;default&quot;,&quot;filters_animation_duration&quot;:0.299999999999999988897769753748434595763683319091796875,&quot;filters_animation_delay&quot;:0.1000000000000000055511151231257827021181583404541015625,&quot;pagination_type&quot;:&quot;load-more&quot;,&quot;pagination_max_pages&quot;:2,&quot;lightbox&quot;:{&quot;selector&quot;:&quot;.wpr-grid-image-wrap&quot;,&quot;iframeMaxWidth&quot;:&quot;60%&quot;,&quot;hash&quot;:false,&quot;autoplay&quot;:&quot;true&quot;,&quot;pause&quot;:5000,&quot;progressBar&quot;:&quot;true&quot;,&quot;counter&quot;:&quot;true&quot;,&quot;controls&quot;:&quot;true&quot;,&quot;getCaptionFromTitleOrAlt&quot;:&quot;true&quot;,&quot;thumbnail&quot;:&quot;&quot;,&quot;showThumbByDefault&quot;:&quot;&quot;,&quot;share&quot;:&quot;&quot;,&quot;zoom&quot;:&quot;true&quot;,&quot;fullScreen&quot;:&quot;true&quot;,&quot;download&quot;:&quot;true&quot;}}\" data-advanced-filters=\"no\"><article class=\"wpr-grid-item elementor-clearfix post-3562 post type-post status-publish format-standard has-post-thumbnail hentry category-actualidad\"><div class=\"wpr-grid-item-inner\"><div class=\"wpr-grid-media-wrap wpr-effect-size-medium \" data-overlay-link=\"yes\"><div class=\"wpr-grid-image-wrap\" data-src=\"https:\/\/pschile.cl\/jschile\/wp-content\/uploads\/2026\/03\/ENTRADAS-WEB-JS_20260317_162750_0000.png\" data-img-on-hover=\"\"  data-src-secondary=\"\"><img decoding=\"async\" data-no-lazy=\"1\" src=\"https:\/\/pschile.cl\/jschile\/wp-content\/uploads\/2026\/03\/ENTRADAS-WEB-JS_20260317_162750_0000.png\" alt=\"SOBRE EL ESTADO ACTUAL DEL PROCESO DE ELECCI\u00d3NES 2026\" class=\"wpr-anim-timing-ease-default\"><\/div><div class=\"wpr-grid-media-hover wpr-animation-wrap\"><div class=\"wpr-grid-media-hover-bg  wpr-overlay-fade-in wpr-anim-size-large wpr-anim-timing-ease-default wpr-anim-transparency\" data-url=\"https:\/\/pschile.cl\/jschile\/sobre-el-estado-actual-del-proceso-de-elecciones-2026\/\"><\/div><\/div><\/div><div class=\"wpr-grid-item-below-content elementor-clearfix\"><div class=\"wpr-grid-item-excerpt elementor-repeater-item-3f0ffd8 wpr-grid-item-display-block wpr-grid-item-align-left\"><div class=\"inner-block\"><p>Mi\u00e9rcoles 15, 2026 | TRICEL Nacional JSCh...<\/p><\/div><\/div><h2 class=\"wpr-grid-item-title elementor-repeater-item-78791ea wpr-grid-item-display-block wpr-grid-item-align-left wpr-pointer-none wpr-pointer-line-fx wpr-pointer-fx-fade\"><div class=\"inner-block\"><a target=\"_self\"  href=\"https:\/\/pschile.cl\/jschile\/sobre-el-estado-actual-del-proceso-de-elecciones-2026\/\">SOBRE EL ESTADO ACTUAL DEL PROCESO DE ELECCI\u00d3NES 2026<\/a><\/div><\/h2><\/div><\/div><\/article><article class=\"wpr-grid-item elementor-clearfix post-3557 post type-post status-publish format-standard has-post-thumbnail hentry category-actualidad\"><div class=\"wpr-grid-item-inner\"><div class=\"wpr-grid-media-wrap wpr-effect-size-medium \" data-overlay-link=\"yes\"><div class=\"wpr-grid-image-wrap\" data-src=\"https:\/\/pschile.cl\/jschile\/wp-content\/uploads\/2026\/03\/ENTRADAS-WEB-JS_20260317_162750_0000.png\" data-img-on-hover=\"\"  data-src-secondary=\"\"><img decoding=\"async\" data-no-lazy=\"1\" src=\"https:\/\/pschile.cl\/jschile\/wp-content\/uploads\/2026\/03\/ENTRADAS-WEB-JS_20260317_162750_0000.png\" alt=\"TRICEL OFICIALIZA POR SORTEO EL ORDEN DE LAS CADIDATURAS EN LA PAPELETA\" class=\"wpr-anim-timing-ease-default\"><\/div><div class=\"wpr-grid-media-hover wpr-animation-wrap\"><div class=\"wpr-grid-media-hover-bg  wpr-overlay-fade-in wpr-anim-size-large wpr-anim-timing-ease-default wpr-anim-transparency\" data-url=\"https:\/\/pschile.cl\/jschile\/tricel-oficializa-por-sorteo-el-orden-de-las-cadidaturas-en-la-papeleta\/\"><\/div><\/div><\/div><div class=\"wpr-grid-item-below-content elementor-clearfix\"><div class=\"wpr-grid-item-excerpt elementor-repeater-item-3f0ffd8 wpr-grid-item-display-block wpr-grid-item-align-left\"><div class=\"inner-block\"><p>Viernes 10 | Tom\u00e1s C. Ogden El...<\/p><\/div><\/div><h2 class=\"wpr-grid-item-title elementor-repeater-item-78791ea wpr-grid-item-display-block wpr-grid-item-align-left wpr-pointer-none wpr-pointer-line-fx wpr-pointer-fx-fade\"><div class=\"inner-block\"><a target=\"_self\"  href=\"https:\/\/pschile.cl\/jschile\/tricel-oficializa-por-sorteo-el-orden-de-las-cadidaturas-en-la-papeleta\/\">TRICEL OFICIALIZA POR SORTEO EL ORDEN DE LAS CADIDATURAS EN LA PAPELETA<\/a><\/div><\/h2><\/div><\/div><\/article><article class=\"wpr-grid-item elementor-clearfix post-3549 post type-post status-publish format-standard has-post-thumbnail hentry category-actualidad\"><div class=\"wpr-grid-item-inner\"><div class=\"wpr-grid-media-wrap wpr-effect-size-medium \" data-overlay-link=\"yes\"><div class=\"wpr-grid-image-wrap\" data-src=\"https:\/\/pschile.cl\/jschile\/wp-content\/uploads\/2026\/03\/ENTRADAS-WEB-JS_20260317_162750_0000.png\" data-img-on-hover=\"\"  data-src-secondary=\"\"><img decoding=\"async\" data-no-lazy=\"1\" src=\"https:\/\/pschile.cl\/jschile\/wp-content\/uploads\/2026\/03\/ENTRADAS-WEB-JS_20260317_162750_0000.png\" alt=\"CITACI\u00d3N: SORTEO DE UBICACION EN LA PAPELETA\" class=\"wpr-anim-timing-ease-default\"><\/div><div class=\"wpr-grid-media-hover wpr-animation-wrap\"><div class=\"wpr-grid-media-hover-bg  wpr-overlay-fade-in wpr-anim-size-large wpr-anim-timing-ease-default wpr-anim-transparency\" data-url=\"https:\/\/pschile.cl\/jschile\/citacion-sorteo-de-ubicacion-en-la-papeleta\/\"><\/div><\/div><\/div><div class=\"wpr-grid-item-below-content elementor-clearfix\"><div class=\"wpr-grid-item-excerpt elementor-repeater-item-3f0ffd8 wpr-grid-item-display-block wpr-grid-item-align-left\"><div class=\"inner-block\"><p>Abril 9, 2026 | TRICEL Nacional JSCh...<\/p><\/div><\/div><h2 class=\"wpr-grid-item-title elementor-repeater-item-78791ea wpr-grid-item-display-block wpr-grid-item-align-left wpr-pointer-none wpr-pointer-line-fx wpr-pointer-fx-fade\"><div class=\"inner-block\"><a target=\"_self\"  href=\"https:\/\/pschile.cl\/jschile\/citacion-sorteo-de-ubicacion-en-la-papeleta\/\">CITACI\u00d3N: SORTEO DE UBICACION EN LA PAPELETA<\/a><\/div><\/h2><\/div><\/div><\/article><article class=\"wpr-grid-item elementor-clearfix post-3541 post type-post status-publish format-standard has-post-thumbnail hentry category-actualidad tag-elecciones2026\"><div class=\"wpr-grid-item-inner\"><div class=\"wpr-grid-media-wrap wpr-effect-size-medium \" data-overlay-link=\"yes\"><div class=\"wpr-grid-image-wrap\" data-src=\"https:\/\/pschile.cl\/jschile\/wp-content\/uploads\/2026\/03\/ENTRADAS-WEB-JS_20260317_162750_0000.png\" data-img-on-hover=\"\"  data-src-secondary=\"\"><img decoding=\"async\" data-no-lazy=\"1\" src=\"https:\/\/pschile.cl\/jschile\/wp-content\/uploads\/2026\/03\/ENTRADAS-WEB-JS_20260317_162750_0000.png\" alt=\"EL MAPA FINAL DE LAS ELECCIONES: LISTAS RECHAZADAS Y RECTIFICACIONES TERRITORIALES EN LA JS\" class=\"wpr-anim-timing-ease-default\"><\/div><div class=\"wpr-grid-media-hover wpr-animation-wrap\"><div class=\"wpr-grid-media-hover-bg  wpr-overlay-fade-in wpr-anim-size-large wpr-anim-timing-ease-default wpr-anim-transparency\" data-url=\"https:\/\/pschile.cl\/jschile\/el-mapa-final-de-las-elecciones-listas-rechazadas-y-rectificaciones-territoriales-en-la-js\/\"><\/div><\/div><\/div><div class=\"wpr-grid-item-below-content elementor-clearfix\"><div class=\"wpr-grid-item-excerpt elementor-repeater-item-3f0ffd8 wpr-grid-item-display-block wpr-grid-item-align-left\"><div class=\"inner-block\"><p>Abril 9, 2026 | Tom\u00e1s Ogden Campa\u00f1a...<\/p><\/div><\/div><h2 class=\"wpr-grid-item-title elementor-repeater-item-78791ea wpr-grid-item-display-block wpr-grid-item-align-left wpr-pointer-none wpr-pointer-line-fx wpr-pointer-fx-fade\"><div class=\"inner-block\"><a target=\"_self\"  href=\"https:\/\/pschile.cl\/jschile\/el-mapa-final-de-las-elecciones-listas-rechazadas-y-rectificaciones-territoriales-en-la-js\/\">EL MAPA FINAL DE LAS ELECCIONES: LISTAS RECHAZADAS Y RECTIFICACIONES TERRITORIALES EN LA JS<\/a><\/div><\/h2><\/div><\/div><\/article><article class=\"wpr-grid-item elementor-clearfix post-3529 post type-post status-publish format-standard has-post-thumbnail hentry category-actualidad\"><div class=\"wpr-grid-item-inner\"><div class=\"wpr-grid-media-wrap wpr-effect-size-medium \" data-overlay-link=\"yes\"><div class=\"wpr-grid-image-wrap\" data-src=\"https:\/\/pschile.cl\/jschile\/wp-content\/uploads\/2026\/03\/ENTRADAS-WEB-JS_20260317_162750_0000.png\" data-img-on-hover=\"\"  data-src-secondary=\"\"><img decoding=\"async\" data-no-lazy=\"1\" src=\"https:\/\/pschile.cl\/jschile\/wp-content\/uploads\/2026\/03\/ENTRADAS-WEB-JS_20260317_162750_0000.png\" alt=\"TRICEL NACIONAL RATIFICA LA MAYORIA DE LAS LISTAS Y ABRE \u00daLTIMO PLAZO DE SUBSANACI\u00d3N\" class=\"wpr-anim-timing-ease-default\"><\/div><div class=\"wpr-grid-media-hover wpr-animation-wrap\"><div class=\"wpr-grid-media-hover-bg  wpr-overlay-fade-in wpr-anim-size-large wpr-anim-timing-ease-default wpr-anim-transparency\" data-url=\"https:\/\/pschile.cl\/jschile\/tricel-nacional-ratifica-la-mayoria-de-las-listas-y-abre-ultimo-plazo-de-subsanacion\/\"><\/div><\/div><\/div><div class=\"wpr-grid-item-below-content elementor-clearfix\"><div class=\"wpr-grid-item-excerpt elementor-repeater-item-3f0ffd8 wpr-grid-item-display-block wpr-grid-item-align-left\"><div class=\"inner-block\"><p>Abril 7, 2026 | Tom\u00e1s C. Ogden...<\/p><\/div><\/div><h2 class=\"wpr-grid-item-title elementor-repeater-item-78791ea wpr-grid-item-display-block wpr-grid-item-align-left wpr-pointer-none wpr-pointer-line-fx wpr-pointer-fx-fade\"><div class=\"inner-block\"><a target=\"_self\"  href=\"https:\/\/pschile.cl\/jschile\/tricel-nacional-ratifica-la-mayoria-de-las-listas-y-abre-ultimo-plazo-de-subsanacion\/\">TRICEL NACIONAL RATIFICA LA MAYORIA DE LAS LISTAS Y ABRE \u00daLTIMO PLAZO DE SUBSANACI\u00d3N<\/a><\/div><\/h2><\/div><\/div><\/article><article class=\"wpr-grid-item elementor-clearfix post-3518 post type-post status-publish format-standard has-post-thumbnail hentry category-actualidad\"><div class=\"wpr-grid-item-inner\"><div class=\"wpr-grid-media-wrap wpr-effect-size-medium \" data-overlay-link=\"yes\"><div class=\"wpr-grid-image-wrap\" data-src=\"https:\/\/pschile.cl\/jschile\/wp-content\/uploads\/2026\/03\/ENTRADAS-WEB-JS_20260317_162750_0000.png\" data-img-on-hover=\"\"  data-src-secondary=\"\"><img decoding=\"async\" data-no-lazy=\"1\" src=\"https:\/\/pschile.cl\/jschile\/wp-content\/uploads\/2026\/03\/ENTRADAS-WEB-JS_20260317_162750_0000.png\" alt=\"TRICEL NACIONAL RESUELVE RECLAMACIONES Y ACEPTA RENUNCIAS PARA LAS ELECCIONES 2026\" class=\"wpr-anim-timing-ease-default\"><\/div><div class=\"wpr-grid-media-hover wpr-animation-wrap\"><div class=\"wpr-grid-media-hover-bg  wpr-overlay-fade-in wpr-anim-size-large wpr-anim-timing-ease-default wpr-anim-transparency\" data-url=\"https:\/\/pschile.cl\/jschile\/tricel-nacional-resuelve-reclamaciones-y-acepta-renuncias-para-las-elecciones-2026\/\"><\/div><\/div><\/div><div class=\"wpr-grid-item-below-content elementor-clearfix\"><div class=\"wpr-grid-item-excerpt elementor-repeater-item-3f0ffd8 wpr-grid-item-display-block wpr-grid-item-align-left\"><div class=\"inner-block\"><p>Abril 4, 2026 | Tom\u00e1s C. Ogden...<\/p><\/div><\/div><h2 class=\"wpr-grid-item-title elementor-repeater-item-78791ea wpr-grid-item-display-block wpr-grid-item-align-left wpr-pointer-none wpr-pointer-line-fx wpr-pointer-fx-fade\"><div class=\"inner-block\"><a target=\"_self\"  href=\"https:\/\/pschile.cl\/jschile\/tricel-nacional-resuelve-reclamaciones-y-acepta-renuncias-para-las-elecciones-2026\/\">TRICEL NACIONAL RESUELVE RECLAMACIONES Y ACEPTA RENUNCIAS PARA LAS ELECCIONES 2026<\/a><\/div><\/h2><\/div><\/div><\/article><article class=\"wpr-grid-item elementor-clearfix post-3508 post type-post status-publish format-standard has-post-thumbnail hentry category-actualidad\"><div class=\"wpr-grid-item-inner\"><div class=\"wpr-grid-media-wrap wpr-effect-size-medium \" data-overlay-link=\"yes\"><div class=\"wpr-grid-image-wrap\" data-src=\"https:\/\/pschile.cl\/jschile\/wp-content\/uploads\/2026\/03\/ENTRADAS-WEB-JS_20260317_162750_0000.png\" data-img-on-hover=\"\"  data-src-secondary=\"\"><img decoding=\"async\" data-no-lazy=\"1\" src=\"https:\/\/pschile.cl\/jschile\/wp-content\/uploads\/2026\/03\/ENTRADAS-WEB-JS_20260317_162750_0000.png\" alt=\"TRICEL NACIONAL ACTUALIZA FECHAS DE HITOS CLAVE\" class=\"wpr-anim-timing-ease-default\"><\/div><div class=\"wpr-grid-media-hover wpr-animation-wrap\"><div class=\"wpr-grid-media-hover-bg  wpr-overlay-fade-in wpr-anim-size-large wpr-anim-timing-ease-default wpr-anim-transparency\" data-url=\"https:\/\/pschile.cl\/jschile\/tricel-nacional-actualiza-fechas-de-hitos-clave\/\"><\/div><\/div><\/div><div class=\"wpr-grid-item-below-content elementor-clearfix\"><div class=\"wpr-grid-item-excerpt elementor-repeater-item-3f0ffd8 wpr-grid-item-display-block wpr-grid-item-align-left\"><div class=\"inner-block\"><p>Abril 3, 2026 | TRICEL Nacional El...<\/p><\/div><\/div><h2 class=\"wpr-grid-item-title elementor-repeater-item-78791ea wpr-grid-item-display-block wpr-grid-item-align-left wpr-pointer-none wpr-pointer-line-fx wpr-pointer-fx-fade\"><div class=\"inner-block\"><a target=\"_self\"  href=\"https:\/\/pschile.cl\/jschile\/tricel-nacional-actualiza-fechas-de-hitos-clave\/\">TRICEL NACIONAL ACTUALIZA FECHAS DE HITOS CLAVE<\/a><\/div><\/h2><\/div><\/div><\/article><article class=\"wpr-grid-item elementor-clearfix post-3505 post type-post status-publish format-standard has-post-thumbnail hentry category-actualidad\"><div class=\"wpr-grid-item-inner\"><div class=\"wpr-grid-media-wrap wpr-effect-size-medium \" data-overlay-link=\"yes\"><div class=\"wpr-grid-image-wrap\" data-src=\"https:\/\/pschile.cl\/jschile\/wp-content\/uploads\/2026\/03\/ENTRADAS-WEB-JS_20260317_162750_0000.png\" data-img-on-hover=\"\"  data-src-secondary=\"\"><img decoding=\"async\" data-no-lazy=\"1\" src=\"https:\/\/pschile.cl\/jschile\/wp-content\/uploads\/2026\/03\/ENTRADAS-WEB-JS_20260317_162750_0000.png\" alt=\"NUEVA PRORROGA PARA PLAZOS DE INSCRIPCI\u00d3N\" class=\"wpr-anim-timing-ease-default\"><\/div><div class=\"wpr-grid-media-hover wpr-animation-wrap\"><div class=\"wpr-grid-media-hover-bg  wpr-overlay-fade-in wpr-anim-size-large wpr-anim-timing-ease-default wpr-anim-transparency\" data-url=\"https:\/\/pschile.cl\/jschile\/nueva-prorroga-para-plazos-de-inscripcion\/\"><\/div><\/div><\/div><div class=\"wpr-grid-item-below-content elementor-clearfix\"><div class=\"wpr-grid-item-excerpt elementor-repeater-item-3f0ffd8 wpr-grid-item-display-block wpr-grid-item-align-left\"><div class=\"inner-block\"><p>Marzo 31, 2026 | TRICEL Nacional JSCh...<\/p><\/div><\/div><h2 class=\"wpr-grid-item-title elementor-repeater-item-78791ea wpr-grid-item-display-block wpr-grid-item-align-left wpr-pointer-none wpr-pointer-line-fx wpr-pointer-fx-fade\"><div class=\"inner-block\"><a target=\"_self\"  href=\"https:\/\/pschile.cl\/jschile\/nueva-prorroga-para-plazos-de-inscripcion\/\">NUEVA PRORROGA PARA PLAZOS DE INSCRIPCI\u00d3N<\/a><\/div><\/h2><\/div><\/div><\/article><article class=\"wpr-grid-item elementor-clearfix post-3499 post type-post status-publish format-standard has-post-thumbnail hentry category-actualidad\"><div class=\"wpr-grid-item-inner\"><div class=\"wpr-grid-media-wrap wpr-effect-size-medium \" data-overlay-link=\"yes\"><div class=\"wpr-grid-image-wrap\" data-src=\"https:\/\/pschile.cl\/jschile\/wp-content\/uploads\/2026\/03\/ENTRADAS-WEB-JS_20260317_162750_0000.png\" data-img-on-hover=\"\"  data-src-secondary=\"\"><img decoding=\"async\" data-no-lazy=\"1\" src=\"https:\/\/pschile.cl\/jschile\/wp-content\/uploads\/2026\/03\/ENTRADAS-WEB-JS_20260317_162750_0000.png\" alt=\"SE PRORROGA EL PLAZO DE INSCRIPCI\u00d3N DE CANDIDATURAS\" class=\"wpr-anim-timing-ease-default\"><\/div><div class=\"wpr-grid-media-hover wpr-animation-wrap\"><div class=\"wpr-grid-media-hover-bg  wpr-overlay-fade-in wpr-anim-size-large wpr-anim-timing-ease-default wpr-anim-transparency\" data-url=\"https:\/\/pschile.cl\/jschile\/se-prorroga-el-plazo-de-inscripcion-de-candidaturas\/\"><\/div><\/div><\/div><div class=\"wpr-grid-item-below-content elementor-clearfix\"><div class=\"wpr-grid-item-excerpt elementor-repeater-item-3f0ffd8 wpr-grid-item-display-block wpr-grid-item-align-left\"><div class=\"inner-block\"><p>Marzo 31, 2026 | TRICEL Nacional JSCh...<\/p><\/div><\/div><h2 class=\"wpr-grid-item-title elementor-repeater-item-78791ea wpr-grid-item-display-block wpr-grid-item-align-left wpr-pointer-none wpr-pointer-line-fx wpr-pointer-fx-fade\"><div class=\"inner-block\"><a target=\"_self\"  href=\"https:\/\/pschile.cl\/jschile\/se-prorroga-el-plazo-de-inscripcion-de-candidaturas\/\">SE PRORROGA EL PLAZO DE INSCRIPCI\u00d3N DE CANDIDATURAS<\/a><\/div><\/h2><\/div><\/div><\/article><\/section><div class=\"wpr-grid-pagination elementor-clearfix wpr-grid-pagination-load-more\" data-pages=\"2\"><a href=\"https:\/\/pschile.cl\/jschile\/wp-json\/wp\/v2\/pages\/3299\/page\/2\/\" class=\"wpr-load-more-btn\" data-e-disable-page-transition >Load More<\/a><div class=\"wpr-pagination-loading\"><div class=\"wpr-double-bounce\"><div class=\"wpr-child wpr-double-bounce1\"><\/div><div class=\"wpr-child wpr-double-bounce2\"><\/div><\/div><\/div><p class=\"wpr-pagination-finish\">End of Content.<\/p><\/div>\t\t\t\t<\/div>\n\t\t\t\t<\/div>\n\t\t\t\t\t<\/div>\n\t\t<\/div>\n\t\t\t\t\t<\/div>\n\t\t<\/section>\n\t\t\t\t<\/div>\n\t\t","protected":false},"excerpt":{"rendered":"<p>ACTUALIDAD All Posts Actualidad Marzo 31, 2026 | TRICEL Nacional JSCh&#8230; SE PRORROGA EL PLAZO DE INSCRIPCI\u00d3N DE CANDIDATURAS Marzo 30, 2026 | TRICEL Nacional JSCh&#8230; DISPONIBLES FORMULARIOS OFICIALES PARA LA INSCRIPCI\u00d3N DE LISTAS DE CANDIDATURAS Marzo 28, 2026 | TRICEL Nacional JSCh&#8230; NUEVA MODIFICACI\u00d3N AL REGLAMENTO DE ELECCIONES Marzo 21, 2026 | TRICEL JS Chile&#8230; YA ESTA DISPONIBLE EL INSTRUCTIVO PARA LA CONSTITUCION DEL TRICEL COMUNAL Marzo 15, 2026 | TRICEL JS Chile&#8230; TRICEL NACIONAL PUBLICA INSTRUCTIVO PARA LA CONSTITUCION DE TRIBUNALES REGIONALES Febrero 26, 2026 | TRICEL JS Chile&#8230; MODIFICACI\u00d3N DE PLAZOS PARA CONSTITUIR COMUNALES Y TRICEL DE REGI\u00d3N Febrero 16, 2026 | TRICEL JS Chile&#8230; REGLAMENTO ELECCIONARIO DE LA JSCh 2026<\/p>\n","protected":false},"author":2,"featured_media":0,"parent":0,"menu_order":0,"comment_status":"closed","ping_status":"closed","template":"elementor_canvas","meta":{"footnotes":""},"class_list":["post-3299","page","type-page","status-publish","hentry"],"_links":{"self":[{"href":"https:\/\/pschile.cl\/jschile\/wp-json\/wp\/v2\/pages\/3299","targetHints":{"allow":["GET"]}}],"collection":[{"href":"https:\/\/pschile.cl\/jschile\/wp-json\/wp\/v2\/pages"}],"about":[{"href":"https:\/\/pschile.cl\/jschile\/wp-json\/wp\/v2\/types\/page"}],"author":[{"embeddable":true,"href":"https:\/\/pschile.cl\/jschile\/wp-json\/wp\/v2\/users\/2"}],"replies":[{"embeddable":true,"href":"https:\/\/pschile.cl\/jschile\/wp-json\/wp\/v2\/comments?post=3299"}],"version-history":[{"count":13,"href":"https:\/\/pschile.cl\/jschile\/wp-json\/wp\/v2\/pages\/3299\/revisions"}],"predecessor-version":[{"id":3503,"href":"https:\/\/pschile.cl\/jschile\/wp-json\/wp\/v2\/pages\/3299\/revisions\/3503"}],"wp:attachment":[{"href":"https:\/\/pschile.cl\/jschile\/wp-json\/wp\/v2\/media?parent=3299"}],"curies":[{"name":"wp","href":"https:\/\/api.w.org\/{rel}","templated":true}]}}